{"id":152,"date":"2022-01-19T18:44:16","date_gmt":"2022-01-19T18:44:16","guid":{"rendered":"https:\/\/rhinnova.es\/?page_id=152"},"modified":"2022-01-20T10:44:27","modified_gmt":"2022-01-20T10:44:27","slug":"reformas","status":"publish","type":"page","link":"https:\/\/rhinnova.es\/?page_id=152","title":{"rendered":"Reformas"},"content":{"rendered":"\n<p>Ofrecemos un servicio especial de&nbsp;<strong>reformas integrales o parciales<\/strong>&nbsp;donde nuestros profesionales te asesorar\u00e1n para la&nbsp;<strong>realizaci\u00f3n de cualquier proyecto.<\/strong><\/p>\n\n\n\n<p>Trabajamos con los&nbsp;<strong>mejores materiales del sector: gres, cer\u00e1micos, m\u00e1rmol, acero, etc.<\/strong><\/p>\n\n\n\n<p>Adem\u00e1s tambi\u00e9n trabajamos&nbsp;<strong>con muebles,<\/strong>&nbsp;que se adaptan a cualquier medida y aprovechamos cualquier espacio con materiales de&nbsp;<strong>primeras calidades: roble, cerezo, haya, etc.<\/strong><\/p>\n\n\n\n<figure class=\"wp-block-gallery columns-3 is-cropped wp-block-gallery-1 is-layout-flex wp-block-gallery-is-layout-flex\"><ul class=\"blocks-gallery-grid\"><li class=\"blocks-gallery-item\"><figure><img loading=\"lazy\" decoding=\"async\" width=\"906\" height=\"390\" src=\"https:\/\/rhinnova.es\/wp-content\/uploads\/2022\/01\/02.jpg\" alt=\"\" data-id=\"180\" data-full-url=\"https:\/\/rhinnova.es\/wp-content\/uploads\/2022\/01\/02.jpg\" data-link=\"https:\/\/rhinnova.es\/?attachment_id=180\" class=\"wp-image-180\" srcset=\"https:\/\/rhinnova.es\/wp-content\/uploads\/2022\/01\/02.jpg 906w, https:\/\/rhinnova.es\/wp-content\/uploads\/2022\/01\/02-300x129.jpg 300w, https:\/\/rhinnova.es\/wp-content\/uploads\/2022\/01\/02-768x331.jpg 768w\" sizes=\"auto, (max-width: 906px) 100vw, 906px\" \/><\/figure><\/li><li class=\"blocks-gallery-item\"><figure><img loading=\"lazy\" decoding=\"async\" width=\"906\" height=\"390\" src=\"https:\/\/rhinnova.es\/wp-content\/uploads\/2022\/01\/03.jpg\" alt=\"\" data-id=\"213\" data-full-url=\"https:\/\/rhinnova.es\/wp-content\/uploads\/2022\/01\/03.jpg\" data-link=\"https:\/\/rhinnova.es\/?attachment_id=213\" class=\"wp-image-213\" srcset=\"https:\/\/rhinnova.es\/wp-content\/uploads\/2022\/01\/03.jpg 906w, https:\/\/rhinnova.es\/wp-content\/uploads\/2022\/01\/03-300x129.jpg 300w, https:\/\/rhinnova.es\/wp-content\/uploads\/2022\/01\/03-768x331.jpg 768w\" sizes=\"auto, (max-width: 906px) 100vw, 906px\" \/><\/figure><\/li><li class=\"blocks-gallery-item\"><figure><img loading=\"lazy\" decoding=\"async\" width=\"906\" height=\"390\" src=\"https:\/\/rhinnova.es\/wp-content\/uploads\/2022\/01\/04.jpg\" alt=\"\" data-id=\"214\" data-full-url=\"https:\/\/rhinnova.es\/wp-content\/uploads\/2022\/01\/04.jpg\" data-link=\"https:\/\/rhinnova.es\/?attachment_id=214\" class=\"wp-image-214\" srcset=\"https:\/\/rhinnova.es\/wp-content\/uploads\/2022\/01\/04.jpg 906w, https:\/\/rhinnova.es\/wp-content\/uploads\/2022\/01\/04-300x129.jpg 300w, https:\/\/rhinnova.es\/wp-content\/uploads\/2022\/01\/04-768x331.jpg 768w\" sizes=\"auto, (max-width: 906px) 100vw, 906px\" \/><\/figure><\/li><li class=\"blocks-gallery-item\"><figure><img loading=\"lazy\" decoding=\"async\" width=\"906\" height=\"390\" src=\"https:\/\/rhinnova.es\/wp-content\/uploads\/2022\/01\/05.jpg\" alt=\"\" data-id=\"215\" data-full-url=\"https:\/\/rhinnova.es\/wp-content\/uploads\/2022\/01\/05.jpg\" data-link=\"https:\/\/rhinnova.es\/?attachment_id=215\" class=\"wp-image-215\" srcset=\"https:\/\/rhinnova.es\/wp-content\/uploads\/2022\/01\/05.jpg 906w, https:\/\/rhinnova.es\/wp-content\/uploads\/2022\/01\/05-300x129.jpg 300w, https:\/\/rhinnova.es\/wp-content\/uploads\/2022\/01\/05-768x331.jpg 768w\" sizes=\"auto, (max-width: 906px) 100vw, 906px\" \/><\/figure><\/li><li class=\"blocks-gallery-item\"><figure><img loading=\"lazy\" decoding=\"async\" width=\"906\" height=\"390\" src=\"https:\/\/rhinnova.es\/wp-content\/uploads\/2022\/01\/06.jpg\" alt=\"\" data-id=\"216\" data-full-url=\"https:\/\/rhinnova.es\/wp-content\/uploads\/2022\/01\/06.jpg\" data-link=\"https:\/\/rhinnova.es\/?attachment_id=216\" class=\"wp-image-216\" srcset=\"https:\/\/rhinnova.es\/wp-content\/uploads\/2022\/01\/06.jpg 906w, https:\/\/rhinnova.es\/wp-content\/uploads\/2022\/01\/06-300x129.jpg 300w, https:\/\/rhinnova.es\/wp-content\/uploads\/2022\/01\/06-768x331.jpg 768w\" sizes=\"auto, (max-width: 906px) 100vw, 906px\" \/><\/figure><\/li><li class=\"blocks-gallery-item\"><figure><img loading=\"lazy\" decoding=\"async\" width=\"906\" height=\"390\" src=\"https:\/\/rhinnova.es\/wp-content\/uploads\/2022\/01\/07.jpg\" alt=\"\" data-id=\"217\" data-full-url=\"https:\/\/rhinnova.es\/wp-content\/uploads\/2022\/01\/07.jpg\" data-link=\"https:\/\/rhinnova.es\/?attachment_id=217\" class=\"wp-image-217\" srcset=\"https:\/\/rhinnova.es\/wp-content\/uploads\/2022\/01\/07.jpg 906w, https:\/\/rhinnova.es\/wp-content\/uploads\/2022\/01\/07-300x129.jpg 300w, https:\/\/rhinnova.es\/wp-content\/uploads\/2022\/01\/07-768x331.jpg 768w\" sizes=\"auto, (max-width: 906px) 100vw, 906px\" \/><\/figure><\/li><li class=\"blocks-gallery-item\"><figure><img loading=\"lazy\" decoding=\"async\" width=\"906\" height=\"390\" src=\"https:\/\/rhinnova.es\/wp-content\/uploads\/2022\/01\/08.jpg\" alt=\"\" data-id=\"218\" data-full-url=\"https:\/\/rhinnova.es\/wp-content\/uploads\/2022\/01\/08.jpg\" data-link=\"https:\/\/rhinnova.es\/?attachment_id=218\" class=\"wp-image-218\" srcset=\"https:\/\/rhinnova.es\/wp-content\/uploads\/2022\/01\/08.jpg 906w, https:\/\/rhinnova.es\/wp-content\/uploads\/2022\/01\/08-300x129.jpg 300w, https:\/\/rhinnova.es\/wp-content\/uploads\/2022\/01\/08-768x331.jpg 768w\" sizes=\"auto, (max-width: 906px) 100vw, 906px\" \/><\/figure><\/li><li class=\"blocks-gallery-item\"><figure><img loading=\"lazy\" decoding=\"async\" width=\"906\" height=\"390\" src=\"https:\/\/rhinnova.es\/wp-content\/uploads\/2022\/01\/10.jpg\" alt=\"\" data-id=\"219\" data-full-url=\"https:\/\/rhinnova.es\/wp-content\/uploads\/2022\/01\/10.jpg\" data-link=\"https:\/\/rhinnova.es\/?attachment_id=219\" class=\"wp-image-219\" srcset=\"https:\/\/rhinnova.es\/wp-content\/uploads\/2022\/01\/10.jpg 906w, https:\/\/rhinnova.es\/wp-content\/uploads\/2022\/01\/10-300x129.jpg 300w, https:\/\/rhinnova.es\/wp-content\/uploads\/2022\/01\/10-768x331.jpg 768w\" sizes=\"auto, (max-width: 906px) 100vw, 906px\" \/><\/figure><\/li><\/ul><\/figure>\n\n\n<div class=\"wpforms-container wpforms-container-full\" id=\"wpforms-196\"><form id=\"wpforms-form-196\" class=\"wpforms-validate wpforms-form wpforms-ajax-form\" data-formid=\"196\" method=\"post\" enctype=\"multipart\/form-data\" action=\"\/index.php?rest_route=%2Fwp%2Fv2%2Fpages%2F152\" data-token=\"d85994968eaabbd20ecc68c0be6b77cf\"><noscript class=\"wpforms-error-noscript\">Por favor, activa JavaScript en tu navegador para completar este formulario.<\/noscript><div class=\"wpforms-field-container\"><div id=\"wpforms-196-field_0-container\" class=\"wpforms-field wpforms-field-name\" data-field-id=\"0\"><label class=\"wpforms-field-label\" for=\"wpforms-196-field_0\">Nombre <span class=\"wpforms-required-label\">*<\/span><\/label><div class=\"wpforms-field-row wpforms-field-medium\"><div class=\"wpforms-field-row-block wpforms-first wpforms-one-half\"><input type=\"text\" id=\"wpforms-196-field_0\" class=\"wpforms-field-name-first wpforms-field-required\" name=\"wpforms[fields][0][first]\" required><label for=\"wpforms-196-field_0\" class=\"wpforms-field-sublabel after \">Nombre<\/label><\/div><div class=\"wpforms-field-row-block wpforms-one-half\"><input type=\"text\" id=\"wpforms-196-field_0-last\" class=\"wpforms-field-name-last wpforms-field-required\" name=\"wpforms[fields][0][last]\" required><label for=\"wpforms-196-field_0-last\" class=\"wpforms-field-sublabel after \">Apellidos<\/label><\/div><\/div><\/div><div id=\"wpforms-196-field_5-container\" class=\"wpforms-field wpforms-field-number\" data-field-id=\"5\"><label class=\"wpforms-field-label\" for=\"wpforms-196-field_5\">Tel\u00e9fono<\/label><input type=\"number\" pattern=\"\\d*\" id=\"wpforms-196-field_5\" class=\"wpforms-field-medium\" name=\"wpforms[fields][5]\" ><\/div><div id=\"wpforms-196-field_1-container\" class=\"wpforms-field wpforms-field-email\" data-field-id=\"1\"><label class=\"wpforms-field-label\" for=\"wpforms-196-field_1\">Email <span class=\"wpforms-required-label\">*<\/span><\/label><input type=\"email\" id=\"wpforms-196-field_1\" class=\"wpforms-field-medium wpforms-field-required\" name=\"wpforms[fields][1]\" required><\/div><div id=\"wpforms-196-field_4-container\" class=\"wpforms-field wpforms-field-select wpforms-field-select-style-modern\" data-field-id=\"4\"><label class=\"wpforms-field-label\" for=\"wpforms-196-field_4\">Informaci\u00f3n sobre: <span class=\"wpforms-required-label\">*<\/span><\/label><select id=\"wpforms-196-field_4\" class=\"wpforms-field-medium wpforms-field-required choicesjs-select\" data-size-class=\"wpforms-field-row wpforms-field-medium\" data-search-enabled=\"\" name=\"wpforms[fields][4]\" required=\"required\"><option value=\"\" class=\"placeholder\" disabled  selected='selected'>Seleccione<\/option><option value=\"Reforma\" >Reforma<\/option><option value=\"Construcci\u00f3n\" >Construcci\u00f3n<\/option><option value=\"Impermeabilizaci\u00f3n\" >Impermeabilizaci\u00f3n<\/option><\/select><\/div><div id=\"wpforms-196-field_2-container\" class=\"wpforms-field wpforms-field-textarea\" data-field-id=\"2\"><label class=\"wpforms-field-label\" for=\"wpforms-196-field_2\">Comentarios <span class=\"wpforms-required-label\">*<\/span><\/label><textarea id=\"wpforms-196-field_2\" class=\"wpforms-field-medium wpforms-field-required\" name=\"wpforms[fields][2]\" required><\/textarea><\/div><\/div><div class=\"wpforms-submit-container\"><input type=\"hidden\" name=\"wpforms[id]\" value=\"196\"><input type=\"hidden\" name=\"wpforms[author]\" value=\"1\"><button type=\"submit\" name=\"wpforms[submit]\" id=\"wpforms-submit-196\" class=\"wpforms-submit\" data-alt-text=\"Enviando\" data-submit-text=\"Enviar\" aria-live=\"assertive\" value=\"wpforms-submit\">Enviar<\/button><img loading=\"lazy\" decoding=\"async\" src=\"https:\/\/rhinnova.es\/wp-content\/plugins\/wpforms-lite\/assets\/images\/submit-spin.svg\" class=\"wpforms-submit-spinner\" style=\"display: none;\" width=\"26\" height=\"26\" alt=\"\"><\/div><\/form><\/div>  <!-- .wpforms-container -->","protected":false},"excerpt":{"rendered":"<p>Ofrecemos un servicio especial de&nbsp;reformas integrales o parciales&nbsp;donde nuestros profesionales te asesorar\u00e1n para la&nbsp;realizaci\u00f3n de cualquier proyecto. Trabajamos con los&nbsp;mejores materiales del sector: gres, cer\u00e1micos, m\u00e1rmol, acero, etc. Adem\u00e1s tambi\u00e9n trabajamos&nbsp;con muebles,&nbsp;que se adaptan a cualquier medida y aprovechamos cualquier espacio con materiales de&nbsp;primeras calidades: roble, cerezo, haya, etc.<\/p>\n","protected":false},"author":1,"featured_media":0,"parent":0,"menu_order":0,"comment_status":"closed","ping_status":"closed","template":"","meta":{"footnotes":""},"class_list":["post-152","page","type-page","status-publish","hentry"],"_links":{"self":[{"href":"https:\/\/rhinnova.es\/index.php?rest_route=\/wp\/v2\/pages\/152","targetHints":{"allow":["GET"]}}],"collection":[{"href":"https:\/\/rhinnova.es\/index.php?rest_route=\/wp\/v2\/pages"}],"about":[{"href":"https:\/\/rhinnova.es\/index.php?rest_route=\/wp\/v2\/types\/page"}],"author":[{"embeddable":true,"href":"https:\/\/rhinnova.es\/index.php?rest_route=\/wp\/v2\/users\/1"}],"replies":[{"embeddable":true,"href":"https:\/\/rhinnova.es\/index.php?rest_route=%2Fwp%2Fv2%2Fcomments&post=152"}],"version-history":[{"count":5,"href":"https:\/\/rhinnova.es\/index.php?rest_route=\/wp\/v2\/pages\/152\/revisions"}],"predecessor-version":[{"id":222,"href":"https:\/\/rhinnova.es\/index.php?rest_route=\/wp\/v2\/pages\/152\/revisions\/222"}],"wp:attachment":[{"href":"https:\/\/rhinnova.es\/index.php?rest_route=%2Fwp%2Fv2%2Fmedia&parent=152"}],"curies":[{"name":"wp","href":"https:\/\/api.w.org\/{rel}","templated":true}]}}