{"id":149,"date":"2022-01-19T18:44:16","date_gmt":"2022-01-19T18:44:16","guid":{"rendered":"https:\/\/rhinnova.es\/?page_id=149"},"modified":"2022-01-20T10:56:36","modified_gmt":"2022-01-20T10:56:36","slug":"quienes-somos","status":"publish","type":"page","link":"https:\/\/rhinnova.es\/?page_id=149","title":{"rendered":"Quienes somos"},"content":{"rendered":"\n<h2 class=\"wp-block-heading\"><strong>RH INNOVA<\/strong><\/h2>\n\n\n\n<p><strong>Empresa de trabajos verticales en Hospitalet<\/strong>, joven y din\u00e1mica, con amplia experiencia en el sector.<\/p>\n\n\n\n<p>Orientamos nuestros servicios a la&nbsp;<strong>rehabilitaci\u00f3n, la reforma y la decoraci\u00f3n de viviendas, locales y comunidades.<\/strong><\/p>\n\n\n\n<p>Con m\u00e1s de\u00a0<strong>10 a\u00f1os de experiencia<\/strong>\u00a0en el sector, ofrecemos los mejores resultados y acabados del sector, trabajando siempre con los mejores profesionales y materiales.<br><\/p>\n\n\n\n<figure class=\"wp-block-gallery columns-1 is-cropped wp-block-gallery-1 is-layout-flex wp-block-gallery-is-layout-flex\"><ul class=\"blocks-gallery-grid\"><li class=\"blocks-gallery-item\"><figure><img loading=\"lazy\" decoding=\"async\" width=\"940\" height=\"350\" src=\"https:\/\/rhinnova.es\/wp-content\/uploads\/2022\/01\/oficina-obras-rehabilitacion-fachada.jpg\" alt=\"\" data-id=\"226\" data-full-url=\"https:\/\/rhinnova.es\/wp-content\/uploads\/2022\/01\/oficina-obras-rehabilitacion-fachada.jpg\" data-link=\"https:\/\/rhinnova.es\/?attachment_id=226\" class=\"wp-image-226\" srcset=\"https:\/\/rhinnova.es\/wp-content\/uploads\/2022\/01\/oficina-obras-rehabilitacion-fachada.jpg 940w, https:\/\/rhinnova.es\/wp-content\/uploads\/2022\/01\/oficina-obras-rehabilitacion-fachada-300x112.jpg 300w, https:\/\/rhinnova.es\/wp-content\/uploads\/2022\/01\/oficina-obras-rehabilitacion-fachada-768x286.jpg 768w\" sizes=\"auto, (max-width: 940px) 100vw, 940px\" \/><\/figure><\/li><\/ul><\/figure>\n","protected":false},"excerpt":{"rendered":"<p>RH INNOVA Empresa de trabajos verticales en Hospitalet, joven y din\u00e1mica, con amplia experiencia en el sector. Orientamos nuestros servicios a la&nbsp;rehabilitaci\u00f3n, la reforma y la decoraci\u00f3n de viviendas, locales y comunidades. Con m\u00e1s de\u00a010 a\u00f1os de experiencia\u00a0en el sector, ofrecemos los mejores resultados y acabados del sector, trabajando siempre con los mejores profesionales y <a href=\"https:\/\/rhinnova.es\/?page_id=149\" rel=\"nofollow\"><span class=\"sr-only\">Read more about Quienes somos<\/span>[&hellip;]<\/a><\/p>\n","protected":false},"author":1,"featured_media":0,"parent":0,"menu_order":0,"comment_status":"closed","ping_status":"closed","template":"","meta":{"footnotes":""},"class_list":["post-149","page","type-page","status-publish","hentry"],"_links":{"self":[{"href":"https:\/\/rhinnova.es\/index.php?rest_route=\/wp\/v2\/pages\/149","targetHints":{"allow":["GET"]}}],"collection":[{"href":"https:\/\/rhinnova.es\/index.php?rest_route=\/wp\/v2\/pages"}],"about":[{"href":"https:\/\/rhinnova.es\/index.php?rest_route=\/wp\/v2\/types\/page"}],"author":[{"embeddable":true,"href":"https:\/\/rhinnova.es\/index.php?rest_route=\/wp\/v2\/users\/1"}],"replies":[{"embeddable":true,"href":"https:\/\/rhinnova.es\/index.php?rest_route=%2Fwp%2Fv2%2Fcomments&post=149"}],"version-history":[{"count":3,"href":"https:\/\/rhinnova.es\/index.php?rest_route=\/wp\/v2\/pages\/149\/revisions"}],"predecessor-version":[{"id":231,"href":"https:\/\/rhinnova.es\/index.php?rest_route=\/wp\/v2\/pages\/149\/revisions\/231"}],"wp:attachment":[{"href":"https:\/\/rhinnova.es\/index.php?rest_route=%2Fwp%2Fv2%2Fmedia&parent=149"}],"curies":[{"name":"wp","href":"https:\/\/api.w.org\/{rel}","templated":true}]}}